{"id":3426,"date":"2018-04-10T08:32:53","date_gmt":"2018-04-10T08:32:53","guid":{"rendered":"http:\/\/radeke-design.de\/?page_id=3426"},"modified":"2022-01-20T13:50:11","modified_gmt":"2022-01-20T13:50:11","slug":"folienbeschriftungen","status":"publish","type":"page","link":"https:\/\/radeke-design.de\/?page_id=3426","title":{"rendered":"KFZ-Beschriftungen"},"content":{"rendered":"\n<style type=\"text\/css\" data-created_by=\"avia_inline_auto\" id=\"style-css-av-iizrxu-d79df3fb1806aa693d2b5a5cfcbfc8af\">\n.flex_column.av-iizrxu-d79df3fb1806aa693d2b5a5cfcbfc8af{\nborder-radius:10px 10px 10px 10px;\n-webkit-border-radius:10px 10px 10px 10px;\n-moz-border-radius:10px 10px 10px 10px;\npadding:0px 0px 0px 10px;\nbackground-color:#636363;\n}\n<\/style>\n<div class='flex_column av-iizrxu-d79df3fb1806aa693d2b5a5cfcbfc8af av_one_full  avia-builder-el-0  el_before_av_two_fifth  avia-builder-el-first  first flex_column_div '   ><style type=\"text\/css\" data-created_by=\"avia_inline_auto\" id=\"style-css-av-hu254i-f3e764ce687d772154e2e67c60dcb15b\">\n#top .av-special-heading.av-hu254i-f3e764ce687d772154e2e67c60dcb15b{\npadding-bottom:0px;\ncolor:#ffffff;\nfont-size:48px;\n}\nbody .av-special-heading.av-hu254i-f3e764ce687d772154e2e67c60dcb15b .av-special-heading-tag .heading-char{\nfont-size:25px;\n}\n#top #wrap_all .av-special-heading.av-hu254i-f3e764ce687d772154e2e67c60dcb15b .av-special-heading-tag{\nfont-size:48px;\n}\n.av-special-heading.av-hu254i-f3e764ce687d772154e2e67c60dcb15b .special-heading-inner-border{\nborder-color:#ffffff;\n}\n.av-special-heading.av-hu254i-f3e764ce687d772154e2e67c60dcb15b .av-subheading{\nfont-size:15px;\n}\n\n@media only screen and (min-width: 768px) and (max-width: 989px){ \n#top #wrap_all .av-special-heading.av-hu254i-f3e764ce687d772154e2e67c60dcb15b .av-special-heading-tag{\nfont-size:48px;\n}\n}\n\n@media only screen and (min-width: 480px) and (max-width: 767px){ \n#top #wrap_all .av-special-heading.av-hu254i-f3e764ce687d772154e2e67c60dcb15b .av-special-heading-tag{\nfont-size:48px;\n}\n}\n\n@media only screen and (max-width: 479px){ \n#top #wrap_all .av-special-heading.av-hu254i-f3e764ce687d772154e2e67c60dcb15b .av-special-heading-tag{\nfont-size:20px;\n}\n}\n<\/style>\n<div  class='av-special-heading av-hu254i-f3e764ce687d772154e2e67c60dcb15b av-special-heading-h1 custom-color-heading blockquote modern-quote  avia-builder-el-1  avia-builder-el-no-sibling  av-inherit-size'><h1 class='av-special-heading-tag'  itemprop=\"headline\"  >KFZ-Beschriftungen<\/h1><div class=\"special-heading-border\"><div class=\"special-heading-inner-border\"><\/div><\/div><\/div><\/div>\n\n<style type=\"text\/css\" data-created_by=\"avia_inline_auto\" id=\"style-css-av-bt3saa-9d220a7a0e1500cc24fff1295f8cb975\">\n.flex_column.av-bt3saa-9d220a7a0e1500cc24fff1295f8cb975{\nborder-radius:0px 0px 0px 0px;\n-webkit-border-radius:0px 0px 0px 0px;\n-moz-border-radius:0px 0px 0px 0px;\n}\n<\/style>\n<div class='flex_column av-bt3saa-9d220a7a0e1500cc24fff1295f8cb975 av_two_fifth  avia-builder-el-2  el_after_av_one_full  el_before_av_three_fifth  first flex_column_div av-zero-column-padding column-top-margin'   ><div   data-size='no scaling'  data-lightbox_size='large'  data-animation='slide'  data-conditional_play=''  data-ids='3514,3516,3521,3518,3519'  data-video_counter='0'  data-autoplay='true'  data-bg_slider='false'  data-slide_height=''  data-handle='av_slideshow'  data-interval='5'  data-class=' avia-builder-el-3  avia-builder-el-no-sibling  '  data-el_id=''  data-css_id=''  data-scroll_down=''  data-control_layout='av-control-default'  data-custom_markup=''  data-perma_caption=''  data-autoplay_stopper=''  data-image_attachment=''  data-min_height='0px'  data-lazy_loading='disabled'  data-img_scrset=''  class='avia-slideshow avia-slideshow-1  av-control-default av-default-height-applied avia-slideshow-no scaling av_slideshow  avia-builder-el-3  avia-builder-el-no-sibling   avia-slide-slider '  itemprop=\"image\" itemscope=\"itemscope\" itemtype=\"https:\/\/schema.org\/ImageObject\" ><ul class='avia-slideshow-inner ' style='padding-bottom: 67.466266866567%;' ><li  class=' slide-1 ' ><div data-rel='slideshow-1' class='avia-slide-wrap '   ><img decoding=\"async\" class=\"wp-image-3514 avia-img-lazy-loading-not-3514\"  src=\"https:\/\/radeke-design.de\/wp-content\/uploads\/2018\/11\/kfz-beschriftungen_aschoff.jpg\" width=\"667\" height=\"450\" title='kfz-beschriftungen_aschoff' alt=''  itemprop=\"thumbnailUrl\" srcset=\"https:\/\/radeke-design.de\/wp-content\/uploads\/2018\/11\/kfz-beschriftungen_aschoff.jpg 667w, https:\/\/radeke-design.de\/wp-content\/uploads\/2018\/11\/kfz-beschriftungen_aschoff-300x202.jpg 300w, https:\/\/radeke-design.de\/wp-content\/uploads\/2018\/11\/kfz-beschriftungen_aschoff-450x304.jpg 450w\" sizes=\"(max-width: 667px) 100vw, 667px\" \/><\/div><\/li><li  class=' slide-2 ' ><div data-rel='slideshow-1' class='avia-slide-wrap '   ><img decoding=\"async\" class=\"wp-image-3516 avia-img-lazy-loading-not-3516\"  src=\"https:\/\/radeke-design.de\/wp-content\/uploads\/2018\/11\/kfz-beschriftungen_spoehring.jpg\" width=\"667\" height=\"450\" title='kfz-beschriftungen_spoehring' alt=''  itemprop=\"thumbnailUrl\" srcset=\"https:\/\/radeke-design.de\/wp-content\/uploads\/2018\/11\/kfz-beschriftungen_spoehring.jpg 667w, https:\/\/radeke-design.de\/wp-content\/uploads\/2018\/11\/kfz-beschriftungen_spoehring-300x202.jpg 300w, https:\/\/radeke-design.de\/wp-content\/uploads\/2018\/11\/kfz-beschriftungen_spoehring-450x304.jpg 450w\" sizes=\"(max-width: 667px) 100vw, 667px\" \/><\/div><\/li><li  class=' slide-3 ' ><div data-rel='slideshow-1' class='avia-slide-wrap '   ><img decoding=\"async\" class=\"wp-image-3521 avia-img-lazy-loading-not-3521\"  src=\"https:\/\/radeke-design.de\/wp-content\/uploads\/2018\/11\/kfz-beschriftungen_kamermann.jpg\" width=\"667\" height=\"450\" title='kfz-beschriftungen_kamermann' alt=''  itemprop=\"thumbnailUrl\" srcset=\"https:\/\/radeke-design.de\/wp-content\/uploads\/2018\/11\/kfz-beschriftungen_kamermann.jpg 667w, https:\/\/radeke-design.de\/wp-content\/uploads\/2018\/11\/kfz-beschriftungen_kamermann-300x202.jpg 300w, https:\/\/radeke-design.de\/wp-content\/uploads\/2018\/11\/kfz-beschriftungen_kamermann-450x304.jpg 450w\" sizes=\"(max-width: 667px) 100vw, 667px\" \/><\/div><\/li><li  class=' slide-4 ' ><div data-rel='slideshow-1' class='avia-slide-wrap '   ><img decoding=\"async\" class=\"wp-image-3518 avia-img-lazy-loading-not-3518\"  src=\"https:\/\/radeke-design.de\/wp-content\/uploads\/2018\/11\/kfz-beschriftungen_wachtelhof.jpg\" width=\"667\" height=\"450\" title='kfz-beschriftungen_wachtelhof' alt=''  itemprop=\"thumbnailUrl\" srcset=\"https:\/\/radeke-design.de\/wp-content\/uploads\/2018\/11\/kfz-beschriftungen_wachtelhof.jpg 667w, https:\/\/radeke-design.de\/wp-content\/uploads\/2018\/11\/kfz-beschriftungen_wachtelhof-300x202.jpg 300w, https:\/\/radeke-design.de\/wp-content\/uploads\/2018\/11\/kfz-beschriftungen_wachtelhof-450x304.jpg 450w\" sizes=\"(max-width: 667px) 100vw, 667px\" \/><\/div><\/li><li  class=' slide-5 ' ><div data-rel='slideshow-1' class='avia-slide-wrap '   ><img decoding=\"async\" class=\"wp-image-3519 avia-img-lazy-loading-not-3519\"  src=\"https:\/\/radeke-design.de\/wp-content\/uploads\/2018\/11\/kfz-beschriftungen_wolfsbau.jpg\" width=\"667\" height=\"450\" title='kfz-beschriftungen_wolfsbau' alt=''  itemprop=\"thumbnailUrl\" srcset=\"https:\/\/radeke-design.de\/wp-content\/uploads\/2018\/11\/kfz-beschriftungen_wolfsbau.jpg 667w, https:\/\/radeke-design.de\/wp-content\/uploads\/2018\/11\/kfz-beschriftungen_wolfsbau-300x202.jpg 300w, https:\/\/radeke-design.de\/wp-content\/uploads\/2018\/11\/kfz-beschriftungen_wolfsbau-450x304.jpg 450w\" sizes=\"(max-width: 667px) 100vw, 667px\" \/><\/div><\/li><\/ul><div class='avia-slideshow-arrows avia-slideshow-controls' ><a href='#prev' class='prev-slide ' aria-hidden='true' data-av_icon='\ue87c' data-av_iconfont='entypo-fontello'  tabindex='-1'>Zur\u00fcck<\/a><a href='#next' class='next-slide ' aria-hidden='true' data-av_icon='\ue87d' data-av_iconfont='entypo-fontello'  tabindex='-1'>Weiter<\/a><\/div><div class='avia-slideshow-dots avia-slideshow-controls'><a href='#1' class='goto-slide active' >1<\/a><a href='#2' class='goto-slide ' >2<\/a><a href='#3' class='goto-slide ' >3<\/a><a href='#4' class='goto-slide ' >4<\/a><a href='#5' class='goto-slide ' >5<\/a><\/div><\/div><\/div>\n\n<style type=\"text\/css\" data-created_by=\"avia_inline_auto\" id=\"style-css-av-fwnff6-739da6c9f27299850e12a1b6ba5b425a\">\n.flex_column.av-fwnff6-739da6c9f27299850e12a1b6ba5b425a{\nborder-radius:0px 0px 0px 0px;\n-webkit-border-radius:0px 0px 0px 0px;\n-moz-border-radius:0px 0px 0px 0px;\n}\n<\/style>\n<div class='flex_column av-fwnff6-739da6c9f27299850e12a1b6ba5b425a av_three_fifth  avia-builder-el-4  el_after_av_two_fifth  avia-builder-el-last  flex_column_div av-zero-column-padding column-top-margin'   ><section  class='av_textblock_section av-ed9h0i-f87392b13088e5c8112eebc99087142c'  itemscope=\"itemscope\" itemtype=\"https:\/\/schema.org\/CreativeWork\" ><div class='avia_textblock'  itemprop=\"text\" ><h2>Mobile Botschaften<\/h2>\n<p>Ihre Firmenfahrzeuge sind mobile Werbebotschafter, die Ihre Firma \u00fcberall sichtbar machen.<br \/>\nWir verkleben ausschlie\u00dflich hochwertige Klebefolien namhafter Hersteller und achten auch bei der Beklebung auf bestm\u00f6gliche Verarbeitungsqualit\u00e4t. Unsere langj\u00e4hrige Erfahrung bewahrt Sie auch hier vor unliebsamen \u00dcberraschungen.<\/p>\n<p>Ob bei Ihnen vor Ort oder in unserer KFZ-Beschriftungshalle &#8211; Qualit\u00e4t bei der Ausf\u00fchrung ist uns sehr wichtig, denn zufriedene Kunden sind unser Kapital.<\/p>\n<p>Kommen Sie zu uns &#8211; wir machen Ihre Fahrzeuge unverkennbar!<\/p>\n<\/div><\/section><\/div>\n","protected":false},"excerpt":{"rendered":"","protected":false},"author":1,"featured_media":0,"parent":0,"menu_order":0,"comment_status":"closed","ping_status":"closed","template":"","meta":{"footnotes":""},"class_list":["post-3426","page","type-page","status-publish","hentry"],"_links":{"self":[{"href":"https:\/\/radeke-design.de\/index.php?rest_route=\/wp\/v2\/pages\/3426","targetHints":{"allow":["GET"]}}],"collection":[{"href":"https:\/\/radeke-design.de\/index.php?rest_route=\/wp\/v2\/pages"}],"about":[{"href":"https:\/\/radeke-design.de\/index.php?rest_route=\/wp\/v2\/types\/page"}],"author":[{"embeddable":true,"href":"https:\/\/radeke-design.de\/index.php?rest_route=\/wp\/v2\/users\/1"}],"replies":[{"embeddable":true,"href":"https:\/\/radeke-design.de\/index.php?rest_route=%2Fwp%2Fv2%2Fcomments&post=3426"}],"version-history":[{"count":14,"href":"https:\/\/radeke-design.de\/index.php?rest_route=\/wp\/v2\/pages\/3426\/revisions"}],"predecessor-version":[{"id":3618,"href":"https:\/\/radeke-design.de\/index.php?rest_route=\/wp\/v2\/pages\/3426\/revisions\/3618"}],"wp:attachment":[{"href":"https:\/\/radeke-design.de\/index.php?rest_route=%2Fwp%2Fv2%2Fmedia&parent=3426"}],"curies":[{"name":"wp","href":"https:\/\/api.w.org\/{rel}","templated":true}]}}