{"id":3429,"date":"2018-04-10T08:42:19","date_gmt":"2018-04-10T08:42:19","guid":{"rendered":"http:\/\/radeke-design.de\/?page_id=3429"},"modified":"2022-01-20T13:45:09","modified_gmt":"2022-01-20T13:45:09","slug":"folienbeschriftungen-2","status":"publish","type":"page","link":"https:\/\/radeke-design.de\/?page_id=3429","title":{"rendered":"Print"},"content":{"rendered":"\n<style type=\"text\/css\" data-created_by=\"avia_inline_auto\" id=\"style-css-av-ht9mw5-158979cdcd7b1fedae3ae9cd19853a2a\">\n.flex_column.av-ht9mw5-158979cdcd7b1fedae3ae9cd19853a2a{\nborder-radius:10px 10px 10px 10px;\n-webkit-border-radius:10px 10px 10px 10px;\n-moz-border-radius:10px 10px 10px 10px;\npadding:0px 0px 0px 10px;\nbackground-color:#636363;\n}\n<\/style>\n<div class='flex_column av-ht9mw5-158979cdcd7b1fedae3ae9cd19853a2a av_one_full  avia-builder-el-0  el_before_av_two_fifth  avia-builder-el-first  first flex_column_div '   ><style type=\"text\/css\" data-created_by=\"avia_inline_auto\" id=\"style-css-av-g6vfvp-516dce244cc4665a2e9ecabefdf35daa\">\n#top .av-special-heading.av-g6vfvp-516dce244cc4665a2e9ecabefdf35daa{\npadding-bottom:0px;\ncolor:#ffffff;\nfont-size:48px;\n}\nbody .av-special-heading.av-g6vfvp-516dce244cc4665a2e9ecabefdf35daa .av-special-heading-tag .heading-char{\nfont-size:25px;\n}\n#top #wrap_all .av-special-heading.av-g6vfvp-516dce244cc4665a2e9ecabefdf35daa .av-special-heading-tag{\nfont-size:48px;\n}\n.av-special-heading.av-g6vfvp-516dce244cc4665a2e9ecabefdf35daa .special-heading-inner-border{\nborder-color:#ffffff;\n}\n.av-special-heading.av-g6vfvp-516dce244cc4665a2e9ecabefdf35daa .av-subheading{\nfont-size:15px;\n}\n\n@media only screen and (min-width: 768px) and (max-width: 989px){ \n#top #wrap_all .av-special-heading.av-g6vfvp-516dce244cc4665a2e9ecabefdf35daa .av-special-heading-tag{\nfont-size:48px;\n}\n}\n\n@media only screen and (min-width: 480px) and (max-width: 767px){ \n#top #wrap_all .av-special-heading.av-g6vfvp-516dce244cc4665a2e9ecabefdf35daa .av-special-heading-tag{\nfont-size:48px;\n}\n}\n\n@media only screen and (max-width: 479px){ \n#top #wrap_all .av-special-heading.av-g6vfvp-516dce244cc4665a2e9ecabefdf35daa .av-special-heading-tag{\nfont-size:20px;\n}\n}\n<\/style>\n<div  class='av-special-heading av-g6vfvp-516dce244cc4665a2e9ecabefdf35daa av-special-heading-h1 custom-color-heading blockquote modern-quote  avia-builder-el-1  avia-builder-el-no-sibling  av-inherit-size'><h1 class='av-special-heading-tag'  itemprop=\"headline\"  >Drucksachen<\/h1><div class=\"special-heading-border\"><div class=\"special-heading-inner-border\"><\/div><\/div><\/div><\/div>\n<style type=\"text\/css\" data-created_by=\"avia_inline_auto\" id=\"style-css-av-ait4ad-a04360965b1ecf79664de3ae18528b15\">\n.flex_column.av-ait4ad-a04360965b1ecf79664de3ae18528b15{\nborder-radius:0px 0px 0px 0px;\n-webkit-border-radius:0px 0px 0px 0px;\n-moz-border-radius:0px 0px 0px 0px;\n}\n<\/style>\n<div class='flex_column av-ait4ad-a04360965b1ecf79664de3ae18528b15 av_two_fifth  avia-builder-el-2  el_after_av_one_full  el_before_av_three_fifth  first flex_column_div av-zero-column-padding column-top-margin'   ><div   data-size='no scaling'  data-lightbox_size='large'  data-animation='fade'  data-conditional_play=''  data-ids='3463,3465,3469,3470'  data-video_counter='0'  data-autoplay='true'  data-bg_slider='false'  data-slide_height=''  data-handle='av_slideshow'  data-interval='5'  data-class=' avia-builder-el-3  avia-builder-el-no-sibling  '  data-el_id=''  data-css_id=''  data-scroll_down=''  data-control_layout='av-control-default'  data-custom_markup=''  data-perma_caption=''  data-autoplay_stopper=''  data-image_attachment=''  data-min_height='0px'  data-lazy_loading='disabled'  data-img_scrset=''  class='avia-slideshow avia-slideshow-1  av-control-default av-default-height-applied avia-slideshow-no scaling av_slideshow  avia-builder-el-3  avia-builder-el-no-sibling   avia-fade-slider '  itemprop=\"image\" itemscope=\"itemscope\" itemtype=\"https:\/\/schema.org\/ImageObject\" ><ul class='avia-slideshow-inner ' style='padding-bottom: 67.466266866567%;' ><li  class=' slide-1 ' ><div data-rel='slideshow-1' class='avia-slide-wrap '   ><img decoding=\"async\" class=\"wp-image-3463 avia-img-lazy-loading-not-3463\"  src=\"https:\/\/radeke-design.de\/wp-content\/uploads\/2018\/04\/slide_drucksachen_01.jpg\" width=\"667\" height=\"450\" title='slide_drucksachen_01' alt=''  itemprop=\"thumbnailUrl\" srcset=\"https:\/\/radeke-design.de\/wp-content\/uploads\/2018\/04\/slide_drucksachen_01.jpg 667w, https:\/\/radeke-design.de\/wp-content\/uploads\/2018\/04\/slide_drucksachen_01-300x202.jpg 300w, https:\/\/radeke-design.de\/wp-content\/uploads\/2018\/04\/slide_drucksachen_01-450x304.jpg 450w\" sizes=\"(max-width: 667px) 100vw, 667px\" \/><\/div><\/li><li  class=' slide-2 ' ><div data-rel='slideshow-1' class='avia-slide-wrap '   ><img decoding=\"async\" class=\"wp-image-3465 avia-img-lazy-loading-not-3465\"  src=\"https:\/\/radeke-design.de\/wp-content\/uploads\/2018\/04\/slide_drucksachen_02.jpg\" width=\"667\" height=\"450\" title='slide_drucksachen_02' alt=''  itemprop=\"thumbnailUrl\" srcset=\"https:\/\/radeke-design.de\/wp-content\/uploads\/2018\/04\/slide_drucksachen_02.jpg 667w, https:\/\/radeke-design.de\/wp-content\/uploads\/2018\/04\/slide_drucksachen_02-300x202.jpg 300w, https:\/\/radeke-design.de\/wp-content\/uploads\/2018\/04\/slide_drucksachen_02-450x304.jpg 450w\" sizes=\"(max-width: 667px) 100vw, 667px\" \/><\/div><\/li><li  class=' slide-3 ' ><div data-rel='slideshow-1' class='avia-slide-wrap '   ><img decoding=\"async\" class=\"wp-image-3469 avia-img-lazy-loading-not-3469\"  src=\"https:\/\/radeke-design.de\/wp-content\/uploads\/2018\/04\/slide_drucksachen_03.jpg\" width=\"667\" height=\"450\" title='slide_drucksachen_03' alt=''  itemprop=\"thumbnailUrl\" srcset=\"https:\/\/radeke-design.de\/wp-content\/uploads\/2018\/04\/slide_drucksachen_03.jpg 667w, https:\/\/radeke-design.de\/wp-content\/uploads\/2018\/04\/slide_drucksachen_03-300x202.jpg 300w, https:\/\/radeke-design.de\/wp-content\/uploads\/2018\/04\/slide_drucksachen_03-450x304.jpg 450w\" sizes=\"(max-width: 667px) 100vw, 667px\" \/><\/div><\/li><li  class=' slide-4 ' ><div data-rel='slideshow-1' class='avia-slide-wrap '   ><img decoding=\"async\" class=\"wp-image-3470 avia-img-lazy-loading-not-3470\"  src=\"https:\/\/radeke-design.de\/wp-content\/uploads\/2018\/04\/slide_drucksachen_04.jpg\" width=\"667\" height=\"450\" title='slide_drucksachen_04' alt=''  itemprop=\"thumbnailUrl\" srcset=\"https:\/\/radeke-design.de\/wp-content\/uploads\/2018\/04\/slide_drucksachen_04.jpg 667w, https:\/\/radeke-design.de\/wp-content\/uploads\/2018\/04\/slide_drucksachen_04-300x202.jpg 300w, https:\/\/radeke-design.de\/wp-content\/uploads\/2018\/04\/slide_drucksachen_04-450x304.jpg 450w\" sizes=\"(max-width: 667px) 100vw, 667px\" \/><\/div><\/li><\/ul><div class='avia-slideshow-arrows avia-slideshow-controls' ><a href='#prev' class='prev-slide ' aria-hidden='true' data-av_icon='\ue87c' data-av_iconfont='entypo-fontello'  tabindex='-1'>Zur\u00fcck<\/a><a href='#next' class='next-slide ' aria-hidden='true' data-av_icon='\ue87d' data-av_iconfont='entypo-fontello'  tabindex='-1'>Weiter<\/a><\/div><div class='avia-slideshow-dots avia-slideshow-controls'><a href='#1' class='goto-slide active' >1<\/a><a href='#2' class='goto-slide ' >2<\/a><a href='#3' class='goto-slide ' >3<\/a><a href='#4' class='goto-slide ' >4<\/a><\/div><\/div><\/div><\/p>\n\n<style type=\"text\/css\" data-created_by=\"avia_inline_auto\" id=\"style-css-av-efv4xh-911fa6b51c4e7c813e7a17f7bdfca34c\">\n.flex_column.av-efv4xh-911fa6b51c4e7c813e7a17f7bdfca34c{\nborder-radius:0px 0px 0px 0px;\n-webkit-border-radius:0px 0px 0px 0px;\n-moz-border-radius:0px 0px 0px 0px;\n}\n<\/style>\n<div class='flex_column av-efv4xh-911fa6b51c4e7c813e7a17f7bdfca34c av_three_fifth  avia-builder-el-4  el_after_av_two_fifth  avia-builder-el-last  flex_column_div av-zero-column-padding column-top-margin'   ><section  class='av_textblock_section av-buxstx-4742cd50b709b18edc375eb9eecd28f4'  itemscope=\"itemscope\" itemtype=\"https:\/\/schema.org\/CreativeWork\" ><div class='avia_textblock'  itemprop=\"text\" ><h2>Flyer, Plakate, Akzidenzien<\/h2>\n<p>Wir machen Druck &#8211; von Briefpapier und Visitenkarten \u00fcber Flyer, Plakate und Prospekte bis hin zu Zeitungen, Katalogen und B\u00fcchern.<\/p>\n<p>Als Profis achten wir sehr darauf, dass wir Druckvorlagen in optimaler Qualit\u00e4t liefern. Langj\u00e4hrige Erfahrungen im Druckbereich erm\u00f6glichen es uns, sehr genau absch\u00e4tzen zu k\u00f6nnen, wie eine digitale Druckvorlage auf dem Endprodukt tats\u00e4chlich aussieht.<\/p>\n<p>Hohe Rechtschreibkompetenz unserer Mitarbeiter sowie sorgf\u00e4ltiges Korrekturlesen durch mindestens 2 Personen garantieren, dass der Fehlerteufel keine Chance hat!<\/p>\n<\/div><\/section><\/div>\n","protected":false},"excerpt":{"rendered":"","protected":false},"author":1,"featured_media":0,"parent":0,"menu_order":0,"comment_status":"closed","ping_status":"closed","template":"","meta":{"footnotes":""},"class_list":["post-3429","page","type-page","status-publish","hentry"],"_links":{"self":[{"href":"https:\/\/radeke-design.de\/index.php?rest_route=\/wp\/v2\/pages\/3429","targetHints":{"allow":["GET"]}}],"collection":[{"href":"https:\/\/radeke-design.de\/index.php?rest_route=\/wp\/v2\/pages"}],"about":[{"href":"https:\/\/radeke-design.de\/index.php?rest_route=\/wp\/v2\/types\/page"}],"author":[{"embeddable":true,"href":"https:\/\/radeke-design.de\/index.php?rest_route=\/wp\/v2\/users\/1"}],"replies":[{"embeddable":true,"href":"https:\/\/radeke-design.de\/index.php?rest_route=%2Fwp%2Fv2%2Fcomments&post=3429"}],"version-history":[{"count":12,"href":"https:\/\/radeke-design.de\/index.php?rest_route=\/wp\/v2\/pages\/3429\/revisions"}],"predecessor-version":[{"id":3613,"href":"https:\/\/radeke-design.de\/index.php?rest_route=\/wp\/v2\/pages\/3429\/revisions\/3613"}],"wp:attachment":[{"href":"https:\/\/radeke-design.de\/index.php?rest_route=%2Fwp%2Fv2%2Fmedia&parent=3429"}],"curies":[{"name":"wp","href":"https:\/\/api.w.org\/{rel}","templated":true}]}}