{"id":3437,"date":"2018-04-10T09:05:07","date_gmt":"2018-04-10T09:05:07","guid":{"rendered":"http:\/\/radeke-design.de\/?page_id=3437"},"modified":"2022-01-20T13:41:02","modified_gmt":"2022-01-20T13:41:02","slug":"folienbeschriftungen-4","status":"publish","type":"page","link":"https:\/\/radeke-design.de\/?page_id=3437","title":{"rendered":"Webdesign"},"content":{"rendered":"\n<style type=\"text\/css\" data-created_by=\"avia_inline_auto\" id=\"style-css-av-kymzx2pb-55888dda78d34b76546fcff1c3a4216b\">\n.flex_column.av-kymzx2pb-55888dda78d34b76546fcff1c3a4216b{\nborder-radius:10px 10px 10px 10px;\n-webkit-border-radius:10px 10px 10px 10px;\n-moz-border-radius:10px 10px 10px 10px;\nbackground-color:#636363;\n}\n<\/style>\n<div class='flex_column av-kymzx2pb-55888dda78d34b76546fcff1c3a4216b av_one_full  avia-builder-el-0  el_before_av_two_fifth  avia-builder-el-first  first flex_column_div av-zero-column-padding '   ><style type=\"text\/css\" data-created_by=\"avia_inline_auto\" id=\"style-css-av-c9ux99-75c74ea284ffeb3cd44bb302aa156ee1\">\n#top .av-special-heading.av-c9ux99-75c74ea284ffeb3cd44bb302aa156ee1{\npadding-bottom:0px;\ncolor:#ffffff;\nfont-size:48px;\n}\nbody .av-special-heading.av-c9ux99-75c74ea284ffeb3cd44bb302aa156ee1 .av-special-heading-tag .heading-char{\nfont-size:25px;\n}\n#top #wrap_all .av-special-heading.av-c9ux99-75c74ea284ffeb3cd44bb302aa156ee1 .av-special-heading-tag{\nfont-size:48px;\npadding:0 0 0 10px;\n}\n.av-special-heading.av-c9ux99-75c74ea284ffeb3cd44bb302aa156ee1 .special-heading-inner-border{\nborder-color:#ffffff;\n}\n.av-special-heading.av-c9ux99-75c74ea284ffeb3cd44bb302aa156ee1 .av-subheading{\nfont-size:15px;\n}\n\n@media only screen and (min-width: 768px) and (max-width: 989px){ \n#top #wrap_all .av-special-heading.av-c9ux99-75c74ea284ffeb3cd44bb302aa156ee1 .av-special-heading-tag{\nfont-size:48px;\n}\n}\n\n@media only screen and (min-width: 480px) and (max-width: 767px){ \n#top #wrap_all .av-special-heading.av-c9ux99-75c74ea284ffeb3cd44bb302aa156ee1 .av-special-heading-tag{\nfont-size:48px;\n}\n}\n\n@media only screen and (max-width: 479px){ \n#top #wrap_all .av-special-heading.av-c9ux99-75c74ea284ffeb3cd44bb302aa156ee1 .av-special-heading-tag{\nfont-size:20px;\n}\n}\n<\/style>\n<div  class='av-special-heading av-c9ux99-75c74ea284ffeb3cd44bb302aa156ee1 av-special-heading-h1 custom-color-heading blockquote modern-quote  avia-builder-el-1  avia-builder-el-no-sibling  av-inherit-size'><h1 class='av-special-heading-tag'  itemprop=\"headline\"  >Webdesign<\/h1><div class=\"special-heading-border\"><div class=\"special-heading-inner-border\"><\/div><\/div><\/div><\/div>\n<style type=\"text\/css\" data-created_by=\"avia_inline_auto\" id=\"style-css-av-80oqgd-152805c0656a46813350601dac8a7a2b\">\n.flex_column.av-80oqgd-152805c0656a46813350601dac8a7a2b{\nborder-radius:0px 0px 0px 0px;\n-webkit-border-radius:0px 0px 0px 0px;\n-moz-border-radius:0px 0px 0px 0px;\n}\n<\/style>\n<div class='flex_column av-80oqgd-152805c0656a46813350601dac8a7a2b av_two_fifth  avia-builder-el-2  el_after_av_one_full  el_before_av_three_fifth  first flex_column_div av-zero-column-padding column-top-margin'   ><div   data-size='no scaling'  data-lightbox_size='large'  data-animation='slide'  data-conditional_play=''  data-ids='3501,3505'  data-video_counter='0'  data-autoplay='true'  data-bg_slider='false'  data-slide_height=''  data-handle='av_slideshow'  data-interval='5'  data-class=' avia-builder-el-3  avia-builder-el-no-sibling  '  data-el_id=''  data-css_id=''  data-scroll_down=''  data-control_layout='av-control-default'  data-custom_markup=''  data-perma_caption=''  data-autoplay_stopper=''  data-image_attachment=''  data-min_height='0px'  data-lazy_loading='disabled'  data-img_scrset=''  class='avia-slideshow avia-slideshow-1  av-control-default av-default-height-applied avia-slideshow-no scaling av_slideshow  avia-builder-el-3  avia-builder-el-no-sibling   avia-slide-slider '  itemprop=\"image\" itemscope=\"itemscope\" itemtype=\"https:\/\/schema.org\/ImageObject\" ><ul class='avia-slideshow-inner ' style='padding-bottom: 67.466266866567%;' ><li  class=' slide-1 ' ><div data-rel='slideshow-1' class='avia-slide-wrap '   ><img decoding=\"async\" class=\"wp-image-3501 avia-img-lazy-loading-not-3501\"  src=\"https:\/\/radeke-design.de\/wp-content\/uploads\/2018\/11\/webdesign_dreyer.jpg\" width=\"667\" height=\"450\" title='webdesign_dreyer' alt=''  itemprop=\"thumbnailUrl\" srcset=\"https:\/\/radeke-design.de\/wp-content\/uploads\/2018\/11\/webdesign_dreyer.jpg 667w, https:\/\/radeke-design.de\/wp-content\/uploads\/2018\/11\/webdesign_dreyer-300x202.jpg 300w, https:\/\/radeke-design.de\/wp-content\/uploads\/2018\/11\/webdesign_dreyer-450x304.jpg 450w\" sizes=\"(max-width: 667px) 100vw, 667px\" \/><\/div><\/li><li  class=' slide-2 ' ><div data-rel='slideshow-1' class='avia-slide-wrap '   ><img decoding=\"async\" class=\"wp-image-3505 avia-img-lazy-loading-not-3505\"  src=\"https:\/\/radeke-design.de\/wp-content\/uploads\/2018\/11\/webdesign_kindervater_02.jpg\" width=\"667\" height=\"450\" title='webdesign_kindervater_02' alt=''  itemprop=\"thumbnailUrl\" srcset=\"https:\/\/radeke-design.de\/wp-content\/uploads\/2018\/11\/webdesign_kindervater_02.jpg 667w, https:\/\/radeke-design.de\/wp-content\/uploads\/2018\/11\/webdesign_kindervater_02-300x202.jpg 300w, https:\/\/radeke-design.de\/wp-content\/uploads\/2018\/11\/webdesign_kindervater_02-450x304.jpg 450w\" sizes=\"(max-width: 667px) 100vw, 667px\" \/><\/div><\/li><\/ul><div class='avia-slideshow-arrows avia-slideshow-controls' ><a href='#prev' class='prev-slide ' aria-hidden='true' data-av_icon='\ue87c' data-av_iconfont='entypo-fontello'  tabindex='-1'>Zur\u00fcck<\/a><a href='#next' class='next-slide ' aria-hidden='true' data-av_icon='\ue87d' data-av_iconfont='entypo-fontello'  tabindex='-1'>Weiter<\/a><\/div><div class='avia-slideshow-dots avia-slideshow-controls'><a href='#1' class='goto-slide active' >1<\/a><a href='#2' class='goto-slide ' >2<\/a><\/div><\/div><\/div><\/p>\n\n<style type=\"text\/css\" data-created_by=\"avia_inline_auto\" id=\"style-css-av-bedy7x-ae593e30af973db08f6fc8f5b46e8180\">\n.flex_column.av-bedy7x-ae593e30af973db08f6fc8f5b46e8180{\nborder-radius:0px 0px 0px 0px;\n-webkit-border-radius:0px 0px 0px 0px;\n-moz-border-radius:0px 0px 0px 0px;\n}\n<\/style>\n<div class='flex_column av-bedy7x-ae593e30af973db08f6fc8f5b46e8180 av_three_fifth  avia-builder-el-4  el_after_av_two_fifth  avia-builder-el-last  flex_column_div av-zero-column-padding column-top-margin'   ><section  class='av_textblock_section av-8sibjx-6444b3996e828cede1a07a602ae0f740'  itemscope=\"itemscope\" itemtype=\"https:\/\/schema.org\/CreativeWork\" ><div class='avia_textblock'  itemprop=\"text\" ><h2>Ihre Firma im Web<\/h2>\n<p>Wir erstellen Ihre Internetseite mittels neuester Web-Technologien.<\/p>\n<p>Egal, auf welchem Ger\u00e4t Ihre Seite angesehen wird &#8211; unser adaptives Design erkennt Bildschirmgr\u00f6\u00dfen automatisch und passt das Layout entsprechend an.<\/p>\n<p>Sie wollen Ihre Seiten selbst verwalten? Kein Problem &#8211; wir nutzen das Content Management System WordPress, das Ihnen ein komfortables Backoffice zur Verf\u00fcgung stellt, in dem Sie schnell neue Inhalte erstellen k\u00f6nnen!<\/p>\n<\/div><\/section><\/div>\n","protected":false},"excerpt":{"rendered":"","protected":false},"author":1,"featured_media":0,"parent":0,"menu_order":0,"comment_status":"closed","ping_status":"closed","template":"","meta":{"footnotes":""},"class_list":["post-3437","page","type-page","status-publish","hentry"],"_links":{"self":[{"href":"https:\/\/radeke-design.de\/index.php?rest_route=\/wp\/v2\/pages\/3437","targetHints":{"allow":["GET"]}}],"collection":[{"href":"https:\/\/radeke-design.de\/index.php?rest_route=\/wp\/v2\/pages"}],"about":[{"href":"https:\/\/radeke-design.de\/index.php?rest_route=\/wp\/v2\/types\/page"}],"author":[{"embeddable":true,"href":"https:\/\/radeke-design.de\/index.php?rest_route=\/wp\/v2\/users\/1"}],"replies":[{"embeddable":true,"href":"https:\/\/radeke-design.de\/index.php?rest_route=%2Fwp%2Fv2%2Fcomments&post=3437"}],"version-history":[{"count":11,"href":"https:\/\/radeke-design.de\/index.php?rest_route=\/wp\/v2\/pages\/3437\/revisions"}],"predecessor-version":[{"id":3610,"href":"https:\/\/radeke-design.de\/index.php?rest_route=\/wp\/v2\/pages\/3437\/revisions\/3610"}],"wp:attachment":[{"href":"https:\/\/radeke-design.de\/index.php?rest_route=%2Fwp%2Fv2%2Fmedia&parent=3437"}],"curies":[{"name":"wp","href":"https:\/\/api.w.org\/{rel}","templated":true}]}}