{"id":3532,"date":"2019-01-06T07:25:07","date_gmt":"2019-01-06T07:25:07","guid":{"rendered":"http:\/\/radeke-design.de\/?page_id=3532"},"modified":"2022-01-20T13:56:49","modified_gmt":"2022-01-20T13:56:49","slug":"folienbeschriftungen-6-2","status":"publish","type":"page","link":"https:\/\/radeke-design.de\/?page_id=3532","title":{"rendered":"Werbeartikel"},"content":{"rendered":"\n<style type=\"text\/css\" data-created_by=\"avia_inline_auto\" id=\"style-css-av-egtnak-d87e2e620dfe648e460bf2905b2e5677\">\n.flex_column.av-egtnak-d87e2e620dfe648e460bf2905b2e5677{\nborder-radius:10px 10px 10px 10px;\n-webkit-border-radius:10px 10px 10px 10px;\n-moz-border-radius:10px 10px 10px 10px;\npadding:0px 0px 0px 10px;\nbackground-color:#636363;\n}\n<\/style>\n<div class='flex_column av-egtnak-d87e2e620dfe648e460bf2905b2e5677 av_one_full  avia-builder-el-0  el_before_av_two_fifth  avia-builder-el-first  first flex_column_div '   ><style type=\"text\/css\" data-created_by=\"avia_inline_auto\" id=\"style-css-av-d5woto-5f33608b9f2ac6c1cb05be1a13d826a4\">\n#top .av-special-heading.av-d5woto-5f33608b9f2ac6c1cb05be1a13d826a4{\npadding-bottom:0px;\ncolor:#ffffff;\nfont-size:48px;\n}\nbody .av-special-heading.av-d5woto-5f33608b9f2ac6c1cb05be1a13d826a4 .av-special-heading-tag .heading-char{\nfont-size:25px;\n}\n#top #wrap_all .av-special-heading.av-d5woto-5f33608b9f2ac6c1cb05be1a13d826a4 .av-special-heading-tag{\nfont-size:48px;\n}\n.av-special-heading.av-d5woto-5f33608b9f2ac6c1cb05be1a13d826a4 .special-heading-inner-border{\nborder-color:#ffffff;\n}\n.av-special-heading.av-d5woto-5f33608b9f2ac6c1cb05be1a13d826a4 .av-subheading{\nfont-size:15px;\n}\n\n@media only screen and (min-width: 768px) and (max-width: 989px){ \n#top #wrap_all .av-special-heading.av-d5woto-5f33608b9f2ac6c1cb05be1a13d826a4 .av-special-heading-tag{\nfont-size:48px;\n}\n}\n\n@media only screen and (min-width: 480px) and (max-width: 767px){ \n#top #wrap_all .av-special-heading.av-d5woto-5f33608b9f2ac6c1cb05be1a13d826a4 .av-special-heading-tag{\nfont-size:48px;\n}\n}\n\n@media only screen and (max-width: 479px){ \n#top #wrap_all .av-special-heading.av-d5woto-5f33608b9f2ac6c1cb05be1a13d826a4 .av-special-heading-tag{\nfont-size:20px;\n}\n}\n<\/style>\n<div  class='av-special-heading av-d5woto-5f33608b9f2ac6c1cb05be1a13d826a4 av-special-heading-h1 custom-color-heading blockquote modern-quote  avia-builder-el-1  avia-builder-el-no-sibling  av-inherit-size'><h1 class='av-special-heading-tag'  itemprop=\"headline\"  >Werbeartikel<\/h1><div class=\"special-heading-border\"><div class=\"special-heading-inner-border\"><\/div><\/div><\/div><\/div>\n<style type=\"text\/css\" data-created_by=\"avia_inline_auto\" id=\"style-css-av-6v1w70-addd6af9bbeb90de399a04b97510f26e\">\n.flex_column.av-6v1w70-addd6af9bbeb90de399a04b97510f26e{\nborder-radius:0px 0px 0px 0px;\n-webkit-border-radius:0px 0px 0px 0px;\n-moz-border-radius:0px 0px 0px 0px;\n}\n<\/style>\n<div class='flex_column av-6v1w70-addd6af9bbeb90de399a04b97510f26e av_two_fifth  avia-builder-el-2  el_after_av_one_full  el_before_av_three_fifth  first flex_column_div av-zero-column-padding column-top-margin'   ><div   data-size='no scaling'  data-lightbox_size='large'  data-animation='slide'  data-conditional_play=''  data-ids='3533,3541'  data-video_counter='0'  data-autoplay='true'  data-bg_slider='false'  data-slide_height=''  data-handle='av_slideshow'  data-interval='5'  data-class=' avia-builder-el-3  avia-builder-el-no-sibling  '  data-el_id=''  data-css_id=''  data-scroll_down=''  data-control_layout='av-control-default'  data-custom_markup=''  data-perma_caption=''  data-autoplay_stopper=''  data-image_attachment=''  data-min_height='0px'  data-lazy_loading='disabled'  data-img_scrset=''  class='avia-slideshow avia-slideshow-1  av-control-default av-default-height-applied avia-slideshow-no scaling av_slideshow  avia-builder-el-3  avia-builder-el-no-sibling   avia-slide-slider '  itemprop=\"image\" itemscope=\"itemscope\" itemtype=\"https:\/\/schema.org\/ImageObject\" ><ul class='avia-slideshow-inner ' style='padding-bottom: 67.466266866567%;' ><li  class=' slide-1 ' ><div data-rel='slideshow-1' class='avia-slide-wrap '   ><img decoding=\"async\" class=\"wp-image-3533 avia-img-lazy-loading-not-3533\"  src=\"https:\/\/radeke-design.de\/wp-content\/uploads\/2019\/01\/werbeartikel_petfit.jpg\" width=\"667\" height=\"450\" title='werbeartikel_petfit' alt=''  itemprop=\"thumbnailUrl\" srcset=\"https:\/\/radeke-design.de\/wp-content\/uploads\/2019\/01\/werbeartikel_petfit.jpg 667w, https:\/\/radeke-design.de\/wp-content\/uploads\/2019\/01\/werbeartikel_petfit-300x202.jpg 300w, https:\/\/radeke-design.de\/wp-content\/uploads\/2019\/01\/werbeartikel_petfit-450x304.jpg 450w\" sizes=\"(max-width: 667px) 100vw, 667px\" \/><\/div><\/li><li  class=' slide-2 ' ><div data-rel='slideshow-1' class='avia-slide-wrap '   ><img decoding=\"async\" class=\"wp-image-3541 avia-img-lazy-loading-not-3541\"  src=\"https:\/\/radeke-design.de\/wp-content\/uploads\/2019\/01\/werbeartikel_allgemein-new.jpg\" width=\"667\" height=\"450\" title='werbeartikel_allgemein-new' alt=''  itemprop=\"thumbnailUrl\" srcset=\"https:\/\/radeke-design.de\/wp-content\/uploads\/2019\/01\/werbeartikel_allgemein-new.jpg 667w, https:\/\/radeke-design.de\/wp-content\/uploads\/2019\/01\/werbeartikel_allgemein-new-300x202.jpg 300w, https:\/\/radeke-design.de\/wp-content\/uploads\/2019\/01\/werbeartikel_allgemein-new-450x304.jpg 450w\" sizes=\"(max-width: 667px) 100vw, 667px\" \/><\/div><\/li><\/ul><div class='avia-slideshow-arrows avia-slideshow-controls' ><a href='#prev' class='prev-slide ' aria-hidden='true' data-av_icon='\ue87c' data-av_iconfont='entypo-fontello'  tabindex='-1'>Zur\u00fcck<\/a><a href='#next' class='next-slide ' aria-hidden='true' data-av_icon='\ue87d' data-av_iconfont='entypo-fontello'  tabindex='-1'>Weiter<\/a><\/div><div class='avia-slideshow-dots avia-slideshow-controls'><a href='#1' class='goto-slide active' >1<\/a><a href='#2' class='goto-slide ' >2<\/a><\/div><\/div><\/div><\/p>\n\n<style type=\"text\/css\" data-created_by=\"avia_inline_auto\" id=\"style-css-av-b37uzg-916a16b6c49a1031f9a1711150f5813b\">\n.flex_column.av-b37uzg-916a16b6c49a1031f9a1711150f5813b{\nborder-radius:0px 0px 0px 0px;\n-webkit-border-radius:0px 0px 0px 0px;\n-moz-border-radius:0px 0px 0px 0px;\n}\n<\/style>\n<div class='flex_column av-b37uzg-916a16b6c49a1031f9a1711150f5813b av_three_fifth  avia-builder-el-4  el_after_av_two_fifth  avia-builder-el-last  flex_column_div av-zero-column-padding column-top-margin'   ><section  class='av_textblock_section av-96x86k-ed2a577dabc27d3219ebf5935b5746d5'  itemscope=\"itemscope\" itemtype=\"https:\/\/schema.org\/CreativeWork\" ><div class='avia_textblock'  itemprop=\"text\" ><h2>Werbung f\u00fcr den Alltag<\/h2>\n<p>N\u00fctzliche und hochwertige Utensilien mit Ihrem Branding &#8211; lassen Sie die Menschen f\u00fcr Sie werben!<\/p>\n<p>Ob Dauerbrenner, wie Kugelschreiber, Tassen und USB-Sticks oder hochwertige Textilien mit Ihrer Corporate Identity &#8211; durch jahrelange Zusammenarbeit mit namhaften Zulieferern k\u00f6nnen wir h\u00f6chste Qualit\u00e4t zu fairen Preisen bieten.<\/p>\n<p>Wir sorgen daf\u00fcr, dass Ihr Unternehmen als sichtbarer Partner mit hoher Usability Bestandteil des Lebens Ihrer Kund*innen und Mitarbeiter*innen wird.<\/p>\n<\/div><\/section><\/div>\n","protected":false},"excerpt":{"rendered":"","protected":false},"author":1,"featured_media":0,"parent":0,"menu_order":0,"comment_status":"closed","ping_status":"closed","template":"","meta":{"footnotes":""},"class_list":["post-3532","page","type-page","status-publish","hentry"],"_links":{"self":[{"href":"https:\/\/radeke-design.de\/index.php?rest_route=\/wp\/v2\/pages\/3532","targetHints":{"allow":["GET"]}}],"collection":[{"href":"https:\/\/radeke-design.de\/index.php?rest_route=\/wp\/v2\/pages"}],"about":[{"href":"https:\/\/radeke-design.de\/index.php?rest_route=\/wp\/v2\/types\/page"}],"author":[{"embeddable":true,"href":"https:\/\/radeke-design.de\/index.php?rest_route=\/wp\/v2\/users\/1"}],"replies":[{"embeddable":true,"href":"https:\/\/radeke-design.de\/index.php?rest_route=%2Fwp%2Fv2%2Fcomments&post=3532"}],"version-history":[{"count":6,"href":"https:\/\/radeke-design.de\/index.php?rest_route=\/wp\/v2\/pages\/3532\/revisions"}],"predecessor-version":[{"id":3623,"href":"https:\/\/radeke-design.de\/index.php?rest_route=\/wp\/v2\/pages\/3532\/revisions\/3623"}],"wp:attachment":[{"href":"https:\/\/radeke-design.de\/index.php?rest_route=%2Fwp%2Fv2%2Fmedia&parent=3532"}],"curies":[{"name":"wp","href":"https:\/\/api.w.org\/{rel}","templated":true}]}}